{"id":447,"date":"2025-11-03T10:19:38","date_gmt":"2025-11-03T10:19:38","guid":{"rendered":"https:\/\/legalizeandstay.pl\/cookie-policy\/"},"modified":"2026-02-05T10:44:10","modified_gmt":"2026-02-05T10:44:10","slug":"cookie-policy","status":"publish","type":"page","link":"https:\/\/legalizeandstay.pl\/uk\/cookie-policy\/","title":{"rendered":"Polityka Cookies"},"content":{"rendered":"\n<p id=\"block-13b5536b-452e-4504-b4b1-bd7d60d7ecce\">Cookies stanowi\u0105 pliki tekstowe i powstaj\u0105 one w spos\u00f3b automatyczny za pomoc\u0105 przegl\u0105darek internetowych w momencie odwiedzania lub korzystania ze stron internetowych. S\u0105 one wysy\u0142ane przez stron\u0119 internetow\u0105 i zapisywane na urz\u0105dzeniu u\u017cytkownika. Za ich pomoc\u0105 administrator otrzymuje informacje pozwalaj\u0105ce mi\u0119dzy innymi na umo\u017cliwienie prawid\u0142owego dzia\u0142ania strony, zapewnienie bezpiecze\u0144stwa a tak\u017ce usprawnienie jej dzia\u0142ania.<\/p>\n\n\n\n<h2 class=\"wp-block-heading\" id=\"block-1ee257a2-7f40-471a-90b0-b46e432fd691\">Administrator Danych<\/h2>\n\n\n\n<p id=\"block-9623cd78-c2ca-4626-86ed-9a03e434314a\">Administratorem danych osobowych jest L&amp;S Legalize and Stay Sp. z o.o. z siedzib\u0105 w Warszawie (adres siedziby: ul. \u017burawia 6\/12, lok. 767, 00-503 Warszawa) zarejestrowana pod numerem KRS: 0000942522, numer NIP: 7011067856, REGON: 520949345.<\/p>\n\n\n\n<h2 class=\"wp-block-heading\" id=\"block-e484f930-5442-4f45-9d2c-ac3c95a130b9\">Rodzaje plik\u00f3w cookies<\/h2>\n\n\n\n<p id=\"block-f7454b35-8b3f-48af-bb03-29ab4d04eec8\">W ramach naszych stron internetowych wykorzystujemy nast\u0119puj\u0105ce rodzaje plik\u00f3w cookies:<\/p>\n\n\n\n<p id=\"block-bb5f3d2f-375a-4540-bbf1-5db800968474\"><strong>Niezb\u0119dne\/Techniczne:<\/strong> Niniejsze pliki s\u0105 konieczne dla prawid\u0142owego funkcjonowania strony internetowej. Pliki te s\u0105 instalowane w szczeg\u00f3lno\u015bci na potrzeby zapami\u0119tywania sesji logowania lub wype\u0142niania formularzy, a tak\u017ce w celu zapami\u0119tania czy zosta\u0142e\u015b poinformowany o wykorzystywaniu plik\u00f3w cookies.<\/p>\n\n\n\n<p id=\"block-3f966b93-7f6b-490f-add7-1e9ed0df318d\"><strong>Funkcjonalne:<\/strong> Zapami\u0119tuj\u0105 i dostosowuj\u0105 platform\u0119 do Twoich wybor\u00f3w, np. pozwalaj\u0105 na automatyczne<br>uzupe\u0142nienie adresu e-mail, z kt\u00f3rego ostatnio logowano si\u0119 w ramach platformy.<\/p>\n\n\n\n<p id=\"block-92c92096-e1d1-43a0-a2bf-76330e2d37e5\"><strong>Analityczne:<\/strong> Pozwalaj\u0105 na sprawdzenie liczby wizyt i \u017ar\u00f3de\u0142 ruchu. Za ich pomoc\u0105 jeste\u015bmy w stanie ustali\u0107 kt\u00f3re strony ciesz\u0105 si\u0119 popularno\u015bci\u0105 a kt\u00f3re nie. Za ich pomoc\u0105 badamy statystyki i poprawiamy wydajno\u015b\u0107 naszych stron. W ramach naszych stron korzystamy mi\u0119dzy innymi z rozwi\u0105za\u0144 firmy Google, Mailerchimp oraz Hotjar.<\/p>\n\n\n\n<p id=\"block-022c02fe-39f9-4ef9-aa72-bb045c8ccec3\"><strong>Marketingowych<\/strong> &#8211; Pozwalaj\u0105 na dopasowanie wy\u015bwietlanych tre\u015bci reklamowych do zainteresowa\u0144 u\u017cytkownika, nie tylko w ramach naszego portalu, ale te\u017c poza nim. Mog\u0105 by\u0107 instalowane przez partner\u00f3w reklamowych. Na podstawie informacji z tych plik\u00f3w cookie i aktywno\u015bci w innych serwisach jest budowany profil zainteresowa\u0144 u\u017cytkownika.<\/p>\n\n\n\n<p id=\"block-3a02dc52-4b73-4cd6-8ac7-066faa4727a4\"><strong>Pliki cookies portali spo\u0142eczno\u015bciowych:<\/strong> S\u0105 to pliki cookie instalowane przez naszych partner\u00f3w, \u017ceby dopasowywa\u0107 wy\u015bwietlane tre\u015bci reklamowe w mediach spo\u0142eczno\u015bciowych. Na ich podstawie budowany jest profil zainteresowa\u0144 u\u017cytkownika. Dzi\u0119ki temu wy\u015bwietlane tre\u015bci s\u0105 dopasowane do indywidualnych potrzeb u\u017cytkownika.<\/p>\n\n\n\n<h2 class=\"wp-block-heading\" id=\"block-a59f61c9-210b-45ce-9e90-e3c4448b5428\">Czas Przechowywania plik\u00f3w Cookies<\/h2>\n\n\n\n<p id=\"block-6d9d18d9-2778-4fee-8145-5290cdba0f0a\">Sesyjne &#8211; s\u0105 przechowywane na u\u017cytkowanym urz\u0105dzeniu do czasu opuszczenia strony, np. poprzez wy\u0142\u0105czenie przegl\u0105darki internetowej.<\/p>\n\n\n\n<p id=\"block-5712a125-7282-4f91-a033-c8b13579e748\">Sta\u0142e &#8211; istniej\u0105 do czasu ich r\u0119cznego usuni\u0119cia b\u0105d\u017a up\u0142yni\u0119cia okre\u015blonego w przegl\u0105darce czasu.<\/p>\n\n\n\n<h2 class=\"wp-block-heading\" id=\"block-f3e93ff6-d70d-4e97-bda4-ae8742096c63\">Rodzaj zbieranych danych<\/h2>\n\n\n\n<p id=\"block-d396a0ad-e2a6-42fc-af11-87305f0ebe1b\">Zaliczamy do nich:<\/p>\n\n\n\n<ul id=\"block-10016b76-2b4e-4d32-86ab-a059a94d798c\" class=\"wp-block-list\">\n<li>adres IP urz\u0105dzenia z kt\u00f3rego korzysta u\u017cytkownik<\/li>\n\n\n\n<li>typ urz\u0105dzenia<\/li>\n\n\n\n<li>czas przebywania na stronie<\/li>\n\n\n\n<li>podj\u0119te czynno\u015bci na stronie<\/li>\n\n\n\n<li>lokalizacj\u0119 z kt\u00f3rej dokonywane jest po\u0142\u0105czenie<\/li>\n<\/ul>\n\n\n\n<h2 class=\"wp-block-heading\" id=\"block-68e4416b-bb90-4c90-80de-bab5bcfe5c23\">Spos\u00f3b wycofania zgody<\/h2>\n\n\n\n<p id=\"block-28bbd13b-e6ca-49e9-bda1-be50f63fb89d\">Niekt\u00f3re ciasteczka s\u0105 pobierane przez przegl\u0105dark\u0119 internetow\u0105 w chwili wej\u015bcia na stron\u0119 internetow\u0105. W celu zablokowania mo\u017cliwo\u015bci pobierania ciasteczek nale\u017cy zastosowa\u0107 metod\u0119 istniej\u0105c\u0105 dla danej przegl\u0105darki internetowej:<\/p>\n\n\n\n<ul id=\"block-1640e1ef-bab0-4ff1-8c98-794a1fec1a1f\" class=\"wp-block-list\">\n<li><a href=\"https:\/\/support.mozilla.org\/pl\/kb\/wzmocniona-ochrona-przed-sledzeniem-firefox-desktop?redirectslug=W%C5%82%C4%85czanie+i+wy%C5%82%C4%85czanie+obs%C5%82ugi+ciasteczek&amp;redirectlocale=pl\">Firefox<\/a><\/li>\n\n\n\n<li><a href=\"https:\/\/support.google.com\/accounts\/answer\/61416?co=GENIE.Platform%3DDesktop&amp;hl=pl\">Chrome<\/a><\/li>\n\n\n\n<li><a href=\"https:\/\/support.microsoft.com\/pl-pl\/windows\/zarz%C4%85dzanie-plikami-cookie-w-przegl%C4%85darce-microsoft-edge-wy%C5%9Bwietlanie-zezwalanie-blokowanie-usuwanie-i-u%C5%BCywanie-168dab11-0753-043d-7c16-ede5947fc64d\">Microsoft Edge<\/a><\/li>\n\n\n\n<li><a href=\"https:\/\/support.apple.com\/pl-pl\/105082\">Safari<\/a><\/li>\n<\/ul>\n\n\n\n<p id=\"block-30317e70-ba7e-449d-8805-23696a1a9939\">Brak mo\u017cliwo\u015bci zapisywania\/odczytywania plik\u00f3w cookies mo\u017ce skutkowa\u0107 niepe\u0142nym i niepoprawnym dzia\u0142aniem strony internetowej, jednak\u017ce korzystanie ze strony b\u0119dzie nadal mo\u017cliwe.<\/p>\n\n\n\n<h2 class=\"wp-block-heading\" id=\"block-f25f746c-2663-409a-97c8-df76d63b76f8\">Kontakt<\/h2>\n\n\n\n<p id=\"block-0dd2e950-f892-46e3-9b0d-312d6a687842\">W przypadku pyta\u0144 dotycz\u0105cych przetwarzania danych osobowych lub woli skorzystania z przys\u0142uguj\u0105cych praw, mo\u017cna skontaktowa\u0107 si\u0119 z nami pod adresami wskazanymi w punkcie \u201cAdministrator danych\u201d<\/p>\n\n\n\n<p id=\"block-57165a66-3698-43fd-8e41-f6a876958a26\">W przypadku naruszenia przepis\u00f3w o ochronie danych osobowych, masz prawo do zg\u0142oszenia skargi do Prezesa Urz\u0119du Ochrony Danych Osobowych pod adresem <a href=\"https:\/\/uodo.gov.pl\/\">https:\/\/uodo.gov.pl\/<\/a><\/p>\n","protected":false},"excerpt":{"rendered":"<p>Cookies stanowi\u0105 pliki tekstowe i powstaj\u0105 one w spos\u00f3b automatyczny za pomoc\u0105 przegl\u0105darek internetowych w momencie odwiedzania lub korzystania ze stron internetowych. S\u0105 one wysy\u0142ane przez stron\u0119 internetow\u0105 i zapisywane na urz\u0105dzeniu u\u017cytkownika. Za ich pomoc\u0105 administrator otrzymuje informacje pozwalaj\u0105ce mi\u0119dzy innymi na umo\u017cliwienie prawid\u0142owego dzia\u0142ania strony, zapewnienie bezpiecze\u0144stwa a tak\u017ce usprawnienie jej dzia\u0142ania. Administrator [&hellip;]<\/p>\n","protected":false},"author":1,"featured_media":0,"parent":0,"menu_order":0,"comment_status":"closed","ping_status":"closed","template":"page-docs.php","meta":{"_acf_changed":false,"footnotes":""},"class_list":["post-447","page","type-page","status-publish","hentry"],"acf":[],"aioseo_notices":[],"_links":{"self":[{"href":"https:\/\/legalizeandstay.pl\/uk\/wp-json\/wp\/v2\/pages\/447","targetHints":{"allow":["GET"]}}],"collection":[{"href":"https:\/\/legalizeandstay.pl\/uk\/wp-json\/wp\/v2\/pages"}],"about":[{"href":"https:\/\/legalizeandstay.pl\/uk\/wp-json\/wp\/v2\/types\/page"}],"author":[{"embeddable":true,"href":"https:\/\/legalizeandstay.pl\/uk\/wp-json\/wp\/v2\/users\/1"}],"replies":[{"embeddable":true,"href":"https:\/\/legalizeandstay.pl\/uk\/wp-json\/wp\/v2\/comments?post=447"}],"version-history":[{"count":8,"href":"https:\/\/legalizeandstay.pl\/uk\/wp-json\/wp\/v2\/pages\/447\/revisions"}],"predecessor-version":[{"id":767,"href":"https:\/\/legalizeandstay.pl\/uk\/wp-json\/wp\/v2\/pages\/447\/revisions\/767"}],"wp:attachment":[{"href":"https:\/\/legalizeandstay.pl\/uk\/wp-json\/wp\/v2\/media?parent=447"}],"curies":[{"name":"wp","href":"https:\/\/api.w.org\/{rel}","templated":true}]}}