{"id":468,"date":"2025-11-03T10:22:59","date_gmt":"2025-11-03T10:22:59","guid":{"rendered":"https:\/\/legalizeandstay.pl\/?page_id=468"},"modified":"2026-02-05T10:45:13","modified_gmt":"2026-02-05T10:45:13","slug":"privacy-policy","status":"publish","type":"page","link":"https:\/\/legalizeandstay.pl\/uk\/privacy-policy\/","title":{"rendered":"Polityka Prywatno\u015bci"},"content":{"rendered":"\n<div class=\"wp-block-group\"><div class=\"wp-block-group__inner-container is-layout-constrained wp-block-group-is-layout-constrained\">\n<h2 class=\"wp-block-heading\">Kto jest administratorem pa\u0144stwa danych?<\/h2>\n\n\n\n<p>Administratorem Pani\/Pana danych osobowych jest L&amp;S Legalize and Stay Sp. z o.o. z siedzib\u0105 w Warszawie (adres siedziby: ul. \u017burawia 6\/12, lok. 767, 00-503 Warszawa) zarejestrowan\u0105 pod numerem KRS: 0000942522, NIP: 7011067856, REGON: 520949345.<\/p>\n<\/div><\/div>\n\n\n\n<div class=\"wp-block-group\"><div class=\"wp-block-group__inner-container is-layout-constrained wp-block-group-is-layout-constrained\">\n<h2 class=\"wp-block-heading\">Dlaczego przetwarzamy Pa\u0144stwa Dane?<\/h2>\n\n\n\n<p>Pani\/Pana dane osobowe s\u0105 przetwarzane na podstawie Rozporz\u0105dzenia Parlamentu Europejskiego i Rady (UE) 2016\/679 z dnia 27 kwietnia 2016 roku w sprawie ochrony os\u00f3b fizycznych w zwi\u0105zku z przetwarzaniem danych osobowych i w sprawie swobodnego przep\u0142ywu takich danych oraz uchylenia dyrektywy 95\/46\/WE (og\u00f3lne rozporz\u0105dzenie o ochronie danych \/ RODO) w nast\u0119puj\u0105cy spos\u00f3b:<\/p>\n<\/div><\/div>\n\n\n\n<div class=\"wp-block-group\"><div class=\"wp-block-group__inner-container is-layout-constrained wp-block-group-is-layout-constrained\">\n<h3 class=\"wp-block-heading\">W zakresie klient\u00f3w<\/h3>\n\n\n\n<ol class=\"wp-block-list\">\n<li>W zwi\u0105zku z us\u0142ugami dla firm \u015bwiadczonymi przez administratora tj. w celu zawarcia lub wykonania umowy (art. 6 ust. 1 lit. b RODO), Pa\u0144stwa dane b\u0119d\u0105 przechowywane do czasu wykonania umowy. Podanie danych jest konieczne do zawarcia i realizacji umowy;<\/li>\n\n\n\n<li>Wype\u0142niania wszelkich ci\u0105\u017c\u0105cych obowi\u0105zk\u00f3w prawnych w zwi\u0105zku z podj\u0119t\u0105 wsp\u00f3\u0142prac\u0105 np. zwi\u0105zanych z rachunkowo\u015bci\u0105, ordynacj\u0105 podatkow\u0105 lub przeciwdzia\u0142aniem praniu pieni\u0119dzy (art. 6 ust. 1 lit. c RODO), dane osobowe s\u0105 przetwarzane przez okres wskazany przez przepisy prawa;<\/li>\n\n\n\n<li>W celu ewentualnego ustalenia, dochodzenia lub obrony przed roszczeniami, co jest prawnie uzasadnionym interesem administratora (podstawa z art. 6 ust. 1 lit. f RODO). Dane b\u0119d\u0105 przetwarzane do czasu przedawnienia roszcze\u0144;<\/li>\n\n\n\n<li>W celu zapewnienia prawid\u0142owej realizacji us\u0142ug i polepszenia ich, jako\u015bci, za po\u015brednictwem monitorowania Pani\/Pana dzia\u0142a\u0144, co jest prawnie uzasadnionym interesem administratora (podstawa z art. 6 ust. 1 lit. f RODO). Dane b\u0119d\u0105 przetwarzane do czasu przedawnienia roszcze\u0144.<\/li>\n<\/ol>\n<\/div><\/div>\n\n\n\n<h3 class=\"wp-block-heading\">W zakresie kontrahent\u00f3w, reprezentant\u00f3w i personelu kontrahenta<\/h3>\n\n\n\n<ol class=\"wp-block-list\">\n<li>Weryfikacji prawid\u0142owo\u015bci umocowania do dzia\u0142ania w imieniu Kontrahenta, w tym weryfikacji przekazanych danych w publicznych rejestrach, kontaktowania si\u0119 w sprawach dotycz\u0105cych wykonania umowy i jako prawnie uzasadnionych interes\u00f3w realizowanych przez Administratora (podstawa z art. 6 ust. 1 lit b i f RODO). Dane b\u0119d\u0105 przetwarzane do czasu realizacji umowy, za\u015b w zakresie ich archiwizacji do czasu przedawnienia roszcze\u0144. Podanie danych jest konieczne do zawarcia i realizacji umowy;<\/li>\n\n\n\n<li>Wype\u0142niania wszelkich ci\u0105\u017c\u0105cych obowi\u0105zk\u00f3w prawnych w zwi\u0105zku z podj\u0119t\u0105 wsp\u00f3\u0142prac\u0105 np. zwi\u0105zanych z rachunkowo\u015bci\u0105, ordynacj\u0105 podatkow\u0105 lub przeciwdzia\u0142aniem praniu pieni\u0119dzy (art. 6 ust. 1 lit. c RODO), dane osobowe s\u0105 przetwarzane przez okres wskazany przez przepisy prawa;<\/li>\n\n\n\n<li>Ewentualnego ustalenia, dochodzenia lub obrony przed roszczeniami, co jest prawnie uzasadnionym interesem administratora(podstawa z art. 6 ust. 1 lit. f RODO). Dane b\u0119d\u0105 przetwarzane do czasu przedawnienia roszcze\u0144; Je\u017celi Pan\/Pani nie przekaza\u0142\/-a danych bezpo\u015brednio Administratorowi, zosta\u0142y one przekazane w zakresie danych kontaktowych i identyfikacyjnych przez Kontrahenta b\u0119d\u0105cego stron\u0105 umowy z administratorem.<\/li>\n<\/ol>\n\n\n\n<h3 class=\"wp-block-heading\">W zakresie subskrybent\u00f3w<\/h3>\n\n\n\n<ol class=\"wp-block-list\">\n<li>W celach marketingowych i promocji produkt\u00f3w oferowanych przez administratora, co stanowi prawnie uzasadniony interes administratora (art. 6 ust. 1 lit. f RODO). Pa\u0144stwa dane b\u0119d\u0105 przetwarzane do czasu wyra\u017cenia sprzeciwu;<\/li>\n\n\n\n<li>W celu dostosowania tre\u015bci marketingowych czynno\u015bci podejmowanych przez Pani\u0105\/Pana, co stanowi prawnie uzasadniony interes administratora (podstawa z art. 6 ust. 1 lit. f RODO). Dane b\u0119d\u0105 przetwarzane do czasu przedawnienia roszcze\u0144;<\/li>\n\n\n\n<li>Ewentualnego ustalenia, dochodzenia lub obrony przed roszczeniami, co jest prawnie uzasadnionym interesem administratora(podstawa z art. 6 ust. 1 lit. f RODO). Dane b\u0119d\u0105 przetwarzane do czasu przedawnienia roszcze\u0144.<\/li>\n<\/ol>\n\n\n\n<h3 class=\"wp-block-heading\">W zakresie u\u017cytkownik\u00f3w stron administratora<\/h3>\n\n\n\n<ol class=\"wp-block-list\">\n<li>W celu zapewnienia prawid\u0142owej realizacji us\u0142ug, polepszenia, jako\u015bci us\u0142ug oraz zapewnienia bezpiecze\u0144stwa, za po\u015brednictwem monitorowania dzia\u0142a\u0144 u\u017cytkownik\u00f3w, co jest prawnie uzasadnionym interesem administratora (podstawa z art. 6 ust. 1 lit. f RODO). Dane b\u0119d\u0105 przetwarzane do czasu przedawnienia roszcze\u0144;<\/li>\n\n\n\n<li>W celu nawi\u0105zania kontaktu i udzielenia odpowiedzi na zadane pytania, co jest prawnie uzasadnionym interesem administratora (podstawa z art. 6 ust. 1 lit. f RODO). Dane b\u0119d\u0105 przetwarzane do czasu udzielenia odpowiedzi na pytania lub wyga\u015bni\u0119cia roszcze\u0144. Podanie danych jest dobrowolne jednak\u017ce konieczne celem nawi\u0105zania kontaktu i udzielenia odpowiedzi na zadane pytania;<\/li>\n\n\n\n<li>Dodatkowe informacje o zasadach przetwarzania danych u\u017cytkownik\u00f3w za po\u015brednictwem cookies, dost\u0119pne s\u0105 w polityce cookies.<\/li>\n<\/ol>\n\n\n\n<h3 class=\"wp-block-heading\">W zakresie os\u00f3b kontaktuj\u0105cych si\u0119 z Administratorem<\/h3>\n\n\n\n<ol class=\"wp-block-list\">\n<li>W celu udzielenia odpowiedzi na pytania zadane drog\u0105 email lub telefonicznie, co stanowi prawnie usprawiedliwiony interes administratora (art. 6 ust. 1 lit. f RODO). Dane osobowe b\u0119d\u0105 przetwarzane do czasu wyga\u015bni\u0119cia roszcze\u0144. Podanie danych jest dobrowolne jednak\u017ce konieczne celem nawi\u0105zania kontaktu i udzielenia odpowiedzi na zadane pytania;<\/li>\n\n\n\n<li>Ewentualnego ustalenia, dochodzenia lub obrony przed roszczeniami, co jest prawnie uzasadnionym interesem administratora(podstawa z art. 6 ust. 1 lit. f RODO). Dane b\u0119d\u0105 przetwarzane do czasu przedawnienia roszcze\u0144;<\/li>\n<\/ol>\n\n\n\n<div class=\"wp-block-group\"><div class=\"wp-block-group__inner-container is-layout-constrained wp-block-group-is-layout-constrained\">\n<h2 class=\"wp-block-heading\">Komu zostan\u0105 udost\u0119pnione dane?<\/h2>\n\n\n\n<ol class=\"wp-block-list\">\n<li>Organy w\u0142adzy publicznej, w zakresie, w kt\u00f3rym nie otrzymuj\u0105 danych w ramach konkretnego post\u0119powania na podstawie prawa;<\/li>\n\n\n\n<li>Podmioty, kt\u00f3re przetwarzaj\u0105 Pana\/Pani dane osobowe w imieniu administratora na podstawie zawartej z administratorem umowy powierzenia przetwarzania danych osobowych (tzw. podmioty przetwarzaj\u0105ce). B\u0119d\u0105 to, m.in.: informatycy, firmy archiwizuj\u0105ce, podmioty \u015bwiadcz\u0105ce us\u0142ugi bankowe i p\u0142atnicze, firmy hostingowe;<\/li>\n\n\n\n<li>Zewn\u0119trzni administratorzy danych (tzw. R\u00f3wnoleg\u0142y Administrator, kt\u00f3remu dane s\u0105 udost\u0119pniane, np. radcy prawni i adwokaci, podmioty prowadz\u0105ce dzia\u0142alno\u015b\u0107 kuriersk\u0105 lub pocztow\u0105, podmioty nabywaj\u0105ce wierzytelno\u015bci &#8211; w razie niezap\u0142acenia przez Pa\u0144stwa naszych faktur w terminie);<\/li>\n\n\n\n<li>Podmioty znajduj\u0105ce si\u0119 poza EOG, lecz tylko wtedy, gdy jest to konieczne i z zapewnieniem odpowiedniego stopnia ochrony, przede wszystkim poprzez:<br>    <strong>a.<\/strong> Wsp\u00f3\u0142prac\u0119 z podmiotami w pa\u0144stwach, w odniesieniu, do kt\u00f3rych zosta\u0142a wydana stosowna decyzja Komisji Europejskiej;<br>    <strong>b.<\/strong> Zastosowanie standardowych klauzul umownych wydanych przez Komisj\u0119 Europejsk\u0105. Administrator zawsze informuje o zamiarze przekazania danych osobowych poza EOG na etapie ich zbierania.<\/li>\n<\/ol>\n<\/div><\/div>\n\n\n\n<div class=\"wp-block-group\"><div class=\"wp-block-group__inner-container is-layout-constrained wp-block-group-is-layout-constrained\">\n<h2 class=\"wp-block-heading\">Zautomatyzowane decyzje?<\/h2>\n\n\n\n<p>W ramach us\u0142ug \u015bwiadczonych przez administratora, dane osobowe mog\u0105 podlega\u0107 profilowaniu. Administrator ka\u017cdorazowo poinformuje o takich dzia\u0142aniach przed rozpocz\u0119ciem przetwarzania danych poprzez ich profilowanie.<\/p>\n<\/div><\/div>\n\n\n\n<div class=\"wp-block-group\"><div class=\"wp-block-group__inner-container is-layout-constrained wp-block-group-is-layout-constrained\">\n<h2 class=\"wp-block-heading\">Jakie przys\u0142uguj\u0105 Pa\u0144stwu prawa?<\/h2>\n\n\n\n<ol class=\"wp-block-list\">\n<li>Prawo dost\u0119pu do przetwarzanych przez nas danych osobowych (art. 15 RODO);<\/li>\n\n\n\n<li>Prawo do sprostowania powierzonych danych osobowych, w tym ich poprawianie (art. 16 RODO);<\/li>\n\n\n\n<li>Prawo do usuni\u0119cia danych osobowych z naszych system\u00f3w tzw. \u201eprawo do bycia zapomnianym\u201d &#8211; je\u017celi Pa\u0144stwa zdaniem nie ma podstaw do przetwarzania Pa\u0144stwa danych mog\u0105 Pa\u0144stwo za\u017c\u0105da\u0107, ich usuni\u0119cia (art. 17 RODO);<\/li>\n\n\n\n<li>Prawo do ograniczenia przetwarzania danych osobowych &#8211; mog\u0105 Pa\u0144stwo za\u017c\u0105da\u0107, ograniczenia przetwarzania danych osobowych wy\u0142\u0105cznie do ich przechowywania lub wykonywania uzgodnionych z Pa\u0144stwem dzia\u0142a\u0144, w przypadku posiadania przez administratora nieprawid\u0142owych danych na Pa\u0144stwa temat, przetwarzanych bezpodstawnie; lub gdy nie chc\u0105 Pa\u0144stwo, usuni\u0119cia, bo s\u0105 Pa\u0144stwu potrzebne do ustalenia, dochodzenia lub obrony roszcze\u0144; lub na czas wniesionego sprzeciwu wzgl\u0119dem przetwarzania danych (art. 18 RODO);<\/li>\n\n\n\n<li>Prawo do przenoszenia danych &#8211; Maj\u0105 Pa\u0144stwo prawo otrzyma\u0107 od administratora w ustrukturyzowanym, powszechnie u\u017cywanym formacie nadaj\u0105cym si\u0119 do odczytu maszynowego (np. format \u201e.csv\u201d) dane osobowe dotycz\u0105ce Pa\u0144stwa, kt\u00f3re s\u0105 w posiadaniu administratora na podstawie umowy lub wyra\u017conej zgody (art. 20 RODO);<\/li>\n\n\n\n<li>Prawo do cofni\u0119cia zgody na przetwarzanie danych osobowych &#8211; w ka\u017cdej chwili maj\u0105 Pa\u0144stwo prawo cofn\u0105\u0107 zgod\u0119 na przetwarzanie danych osobowych, kt\u00f3re s\u0105 przetwarzane na podstawie zgody. Cofni\u0119cie zgody nie b\u0119dzie wp\u0142ywa\u0107 na zgodno\u015b\u0107 z prawem przetwarzania, kt\u00f3rego dokonano na podstawie zgody przed jej wycofaniem (art. 7 ust. 3 RODO);<\/li>\n\n\n\n<li>Prawo do sprzeciwu &#8211; mo\u017ce Pan\/Pani wnie\u015b\u0107 sprzeciw wobec przetwarzania Pana\/Pani danych, je\u015bli podstaw\u0105 wykorzystania danych jest prawnie uzasadniony interes administratora. W takiej sytuacji, po rozpatrzeniu Pa\u0144stwa wniosku, Pa\u0144stwa dane nie b\u0119d\u0105 w zakresie obj\u0119tym sprzeciwem na tej podstawie, chyba, \u017ce administrator wyka\u017ce, istnienie prawnie uzasadnionych podstaw do przetwarzania danych, kt\u00f3re uznaje si\u0119 za nadrz\u0119dne wobec Pa\u0144stwa interes\u00f3w, praw i wolno\u015bci (art. 21 RODO);<\/li>\n\n\n\n<li>Je\u017celi w Pa\u0144stwa opinii przetwarzanie danych osobowych narusza przepisy RODO, przys\u0142uguje Pa\u0144stwu prawo do wniesienia skargi do organu nadzorczego tj. Prezesa Urz\u0119du Ochrony Danych Osobowych.<\/li>\n<\/ol>\n<\/div><\/div>\n\n\n\n<div class=\"wp-block-group\"><div class=\"wp-block-group__inner-container is-layout-constrained wp-block-group-is-layout-constrained\">\n<h2 class=\"wp-block-heading\">Kontakt<\/h2>\n\n\n\n<p>Je\u015bli potrzebujecie Pa\u0144stwo dodatkowych informacji zwi\u0105zanych z ochron\u0105 danych osobowych lub pragn\u0105 skorzysta\u0107 z przys\u0142uguj\u0105cych praw, prosimy o kontakt na adres e-mail: <strong>rodo@twojstartup.pl<\/strong><\/p>\n<\/div><\/div>\n\n\n\n<p><\/p>\n","protected":false},"excerpt":{"rendered":"<p>Kto jest administratorem pa\u0144stwa danych? Administratorem Pani\/Pana danych osobowych jest L&amp;S Legalize and Stay Sp. z o.o. z siedzib\u0105 w Warszawie (adres siedziby: ul. \u017burawia 6\/12, lok. 767, 00-503 Warszawa) zarejestrowan\u0105 pod numerem KRS: 0000942522, NIP: 7011067856, REGON: 520949345. Dlaczego przetwarzamy Pa\u0144stwa Dane? Pani\/Pana dane osobowe s\u0105 przetwarzane na podstawie Rozporz\u0105dzenia Parlamentu Europejskiego i Rady [&hellip;]<\/p>\n","protected":false},"author":1,"featured_media":0,"parent":0,"menu_order":0,"comment_status":"closed","ping_status":"closed","template":"page-docs.php","meta":{"_acf_changed":false,"footnotes":"[]"},"class_list":["post-468","page","type-page","status-publish","hentry"],"acf":[],"aioseo_notices":[],"_links":{"self":[{"href":"https:\/\/legalizeandstay.pl\/uk\/wp-json\/wp\/v2\/pages\/468","targetHints":{"allow":["GET"]}}],"collection":[{"href":"https:\/\/legalizeandstay.pl\/uk\/wp-json\/wp\/v2\/pages"}],"about":[{"href":"https:\/\/legalizeandstay.pl\/uk\/wp-json\/wp\/v2\/types\/page"}],"author":[{"embeddable":true,"href":"https:\/\/legalizeandstay.pl\/uk\/wp-json\/wp\/v2\/users\/1"}],"replies":[{"embeddable":true,"href":"https:\/\/legalizeandstay.pl\/uk\/wp-json\/wp\/v2\/comments?post=468"}],"version-history":[{"count":6,"href":"https:\/\/legalizeandstay.pl\/uk\/wp-json\/wp\/v2\/pages\/468\/revisions"}],"predecessor-version":[{"id":768,"href":"https:\/\/legalizeandstay.pl\/uk\/wp-json\/wp\/v2\/pages\/468\/revisions\/768"}],"wp:attachment":[{"href":"https:\/\/legalizeandstay.pl\/uk\/wp-json\/wp\/v2\/media?parent=468"}],"curies":[{"name":"wp","href":"https:\/\/api.w.org\/{rel}","templated":true}]}}